{"id":115,"date":"2016-07-26T13:48:54","date_gmt":"2016-07-26T11:48:54","guid":{"rendered":"http:\/\/www.sterzer.at\/site\/?page_id=115"},"modified":"2019-08-06T13:35:21","modified_gmt":"2019-08-06T11:35:21","slug":"service-leistung","status":"publish","type":"page","link":"https:\/\/www.sterzer.at\/site\/service-leistung\/","title":{"rendered":"Service &#038; Leistungen"},"content":{"rendered":"<p>Egal ob WEG oder MRG, in uns finden Sie einen zuverl\u00e4ssigen, vertrauensw\u00fcrdigen und hochqualifizierten Partner.<img loading=\"lazy\" decoding=\"async\" class=\"size-medium wp-image-35 alignright\" src=\"https:\/\/www.sterzer.at\/site\/wp-content\/uploads\/2016\/03\/haus9-300x225.jpg\" alt=\"\" width=\"300\" height=\"225\" srcset=\"https:\/\/www.sterzer.at\/site\/wp-content\/uploads\/2016\/03\/haus9-300x225.jpg 300w, https:\/\/www.sterzer.at\/site\/wp-content\/uploads\/2016\/03\/haus9-768x576.jpg 768w, https:\/\/www.sterzer.at\/site\/wp-content\/uploads\/2016\/03\/haus9-1024x768.jpg 1024w, https:\/\/www.sterzer.at\/site\/wp-content\/uploads\/2016\/03\/haus9.jpg 1386w\" sizes=\"auto, (max-width: 300px) 100vw, 300px\" \/>\u00a0Ein Verwaltungsobjekt im Interesse des Eigent\u00fcmers bestm\u00f6glich und mit der Sorgfalt eines ordentlichen Kaufmanns zu verwalten, ist die Pflicht eines jeden Geb\u00e4udeverwalters. Wir m\u00f6chten dar\u00fcber hinaus mit der langfristigen Werterhaltung Ihres Objekts zur Sicherung Ihres Verm\u00f6gens beitragen.<br \/>\nUnsere Hausverwaltungst\u00e4tigkeit im Detail:<br \/>\nErf\u00fcllung aller laufenden Verwaltungsagenden:<\/p>\n<ul style=\"list-style-type: square;\">\n<li>Vertretung der Eigent\u00fcmergemeinschaft<\/li>\n<li>Abwicklung des Zahlungseingangsverkehrs einschlie\u00dflich Mahnwesen<\/li>\n<li>Umsatzsteuer-Verrechnung\/Einkommensteuer-Beilagen samt Erkl\u00e4rungen<\/li>\n<li>Zeitgerechte Abrechnungen<\/li>\n<li>Regelm\u00e4\u00dfige Berichterstattung<\/li>\n<li>Besprechungen nach Erfordernis<\/li>\n<li>Einholung mehrerer Angebote, um Bestbieter zu ermitteln (bei nicht dringenden Arbeiten \u2013 soweit sinnvoll \u2013 auch bei kleineren Auftr\u00e4gen); Auftragsvergabe, Ausf\u00fchrungs\u00fcberpr\u00fcfung (falls erforderlich unter Beiziehung eines externen Sachverst\u00e4ndigen, der im Auftrag der Eigent\u00fcmergemeinschaft t\u00e4tig wird), Rechnungskontrolle<\/li>\n<li>regelm\u00e4\u00dfige Kontrolle der Liegenschaft<\/li>\n<li>Abschluss und Aufl\u00f6sung von Wartungs-und Hausbetreuungsvertr\u00e4gen<\/li>\n<li>\u00dcberpr\u00fcfung der Betriebskosten und Erhaltungsausgaben, der Versicherungs- sowie auch der Energieliefervertr\u00e4ge im Hinblick auf Einsparungspotenziale, gerade bei den letztgenannten Vertr\u00e4gen sind oft betr\u00e4chtliche Einsparungen m\u00f6glich.<\/li>\n<\/ul>\n","protected":false},"excerpt":{"rendered":"<p>Egal ob WEG oder MRG, in uns finden Sie einen zuverl\u00e4ssigen, vertrauensw\u00fcrdigen und hochqualifizierten Partner.\u00a0Ein Verwaltungsobjekt im Interesse des Eigent\u00fcmers bestm\u00f6glich und mit der Sorgfalt eines ordentlichen Kaufmanns zu verwalten, ist die Pflicht eines jeden Geb\u00e4udeverwalters. Wir m\u00f6chten dar\u00fcber hinaus mit der langfristigen Werterhaltung Ihres Objekts zur Sicherung Ihres Verm\u00f6gens beitragen. Unsere Hausverwaltungst\u00e4tigkeit im Detail: [&hellip;]<\/p>\n","protected":false},"author":1,"featured_media":0,"parent":0,"menu_order":0,"comment_status":"closed","ping_status":"closed","template":"","meta":{"footnotes":""},"class_list":["post-115","page","type-page","status-publish","hentry"],"_links":{"self":[{"href":"https:\/\/www.sterzer.at\/site\/wp-json\/wp\/v2\/pages\/115","targetHints":{"allow":["GET"]}}],"collection":[{"href":"https:\/\/www.sterzer.at\/site\/wp-json\/wp\/v2\/pages"}],"about":[{"href":"https:\/\/www.sterzer.at\/site\/wp-json\/wp\/v2\/types\/page"}],"author":[{"embeddable":true,"href":"https:\/\/www.sterzer.at\/site\/wp-json\/wp\/v2\/users\/1"}],"replies":[{"embeddable":true,"href":"https:\/\/www.sterzer.at\/site\/wp-json\/wp\/v2\/comments?post=115"}],"version-history":[{"count":11,"href":"https:\/\/www.sterzer.at\/site\/wp-json\/wp\/v2\/pages\/115\/revisions"}],"predecessor-version":[{"id":325,"href":"https:\/\/www.sterzer.at\/site\/wp-json\/wp\/v2\/pages\/115\/revisions\/325"}],"wp:attachment":[{"href":"https:\/\/www.sterzer.at\/site\/wp-json\/wp\/v2\/media?parent=115"}],"curies":[{"name":"wp","href":"https:\/\/api.w.org\/{rel}","templated":true}]}}