{"id":136,"date":"2017-10-21T20:19:30","date_gmt":"2017-10-21T18:19:30","guid":{"rendered":"http:\/\/www.sterzer.at\/site\/?page_id=136"},"modified":"2018-06-02T22:28:59","modified_gmt":"2018-06-02T20:28:59","slug":"unternehmen","status":"publish","type":"page","link":"https:\/\/www.sterzer.at\/site\/unternehmen\/","title":{"rendered":"\u00dcber uns"},"content":{"rendered":"<p><img loading=\"lazy\" decoding=\"async\" class=\"wp-image-154 alignright\" style=\"font-size: 16px;\" src=\"https:\/\/www.sterzer.at\/site\/wp-content\/uploads\/2017\/10\/vienna-108198-255x300.jpg\" alt=\"\" width=\"400\" height=\"471\" srcset=\"https:\/\/www.sterzer.at\/site\/wp-content\/uploads\/2017\/10\/vienna-108198-255x300.jpg 255w, https:\/\/www.sterzer.at\/site\/wp-content\/uploads\/2017\/10\/vienna-108198-768x904.jpg 768w, https:\/\/www.sterzer.at\/site\/wp-content\/uploads\/2017\/10\/vienna-108198-870x1024.jpg 870w, https:\/\/www.sterzer.at\/site\/wp-content\/uploads\/2017\/10\/vienna-108198.jpg 1963w\" sizes=\"auto, (max-width: 400px) 100vw, 400px\" \/><\/p>\n<p>Im Jahre 1959 wurde die Dipl. Ing. Alfred Sterzer Ges.m.b.H vom Namensgeber, Herrn Dipl. Ing. Alfred Sterzer, gegr\u00fcndet. Gegenstand der Gesch\u00e4ftst\u00e4tigkeit war zur damaligen Zeit die Ausf\u00fchrung von Bauarbeiten jeder Art, sowie die Verwaltung der eigenen Liegenschaften. Zu dieser Zeit verf\u00fcgte das Unternehmen \u00fcber 2 Mitarbeiter.<\/p>\n<p>1993 \u00fcbernahm Herr Dr. Harry Fretska die Rolle des gesch\u00e4ftsf\u00fchrenden Gesellschafters.<br \/>\nMittlerweile sind 8 Mitarbeiter im Immobilienmanagement, in der Qualit\u00e4tssicherung und auf dem infrastrukturellen Dienstleistungssektor innerhalb der Unternehmensgruppe t\u00e4tig und verwalten Wohn- und Gewerbeimmobilien.<\/p>\n<p>\u00dcberdies ist die Dipl. Ing. Sterzer Ges.m.b.H. auch seit vielen Jahren als Immobilienmakler im Bereich der Vermittlung des Verkaufes von Wohnungen, H\u00e4usern, Gewerbeimmobilien und Grundst\u00fccken in und um Wien erfolgreich t\u00e4tig.<\/p>\n<p>&nbsp;<\/p>\n","protected":false},"excerpt":{"rendered":"<p>Im Jahre 1959 wurde die Dipl. Ing. Alfred Sterzer Ges.m.b.H vom Namensgeber, Herrn Dipl. Ing. Alfred Sterzer, gegr\u00fcndet. Gegenstand der Gesch\u00e4ftst\u00e4tigkeit war zur damaligen Zeit die Ausf\u00fchrung von Bauarbeiten jeder Art, sowie die Verwaltung der eigenen Liegenschaften. Zu dieser Zeit verf\u00fcgte das Unternehmen \u00fcber 2 Mitarbeiter. 1993 \u00fcbernahm Herr Dr. Harry Fretska die Rolle des [&hellip;]<\/p>\n","protected":false},"author":1,"featured_media":0,"parent":0,"menu_order":0,"comment_status":"closed","ping_status":"closed","template":"","meta":{"footnotes":""},"class_list":["post-136","page","type-page","status-publish","hentry"],"_links":{"self":[{"href":"https:\/\/www.sterzer.at\/site\/wp-json\/wp\/v2\/pages\/136","targetHints":{"allow":["GET"]}}],"collection":[{"href":"https:\/\/www.sterzer.at\/site\/wp-json\/wp\/v2\/pages"}],"about":[{"href":"https:\/\/www.sterzer.at\/site\/wp-json\/wp\/v2\/types\/page"}],"author":[{"embeddable":true,"href":"https:\/\/www.sterzer.at\/site\/wp-json\/wp\/v2\/users\/1"}],"replies":[{"embeddable":true,"href":"https:\/\/www.sterzer.at\/site\/wp-json\/wp\/v2\/comments?post=136"}],"version-history":[{"count":13,"href":"https:\/\/www.sterzer.at\/site\/wp-json\/wp\/v2\/pages\/136\/revisions"}],"predecessor-version":[{"id":260,"href":"https:\/\/www.sterzer.at\/site\/wp-json\/wp\/v2\/pages\/136\/revisions\/260"}],"wp:attachment":[{"href":"https:\/\/www.sterzer.at\/site\/wp-json\/wp\/v2\/media?parent=136"}],"curies":[{"name":"wp","href":"https:\/\/api.w.org\/{rel}","templated":true}]}}