{"id":139,"date":"2017-10-21T20:20:13","date_gmt":"2017-10-21T18:20:13","guid":{"rendered":"http:\/\/www.sterzer.at\/site\/?page_id=139"},"modified":"2026-01-15T12:02:27","modified_gmt":"2026-01-15T11:02:27","slug":"team","status":"publish","type":"page","link":"https:\/\/www.sterzer.at\/site\/team\/","title":{"rendered":"Team"},"content":{"rendered":"<p><strong>Gesch\u00e4ftsf\u00fchrung<\/strong><\/p>\n<div style=\"overflow-x: auto;\">\n<table>\n<tbody>\n<tr>\n<td style=\"width: 100%;\">\n<p style=\"text-align: center;\"><img loading=\"lazy\" decoding=\"async\" class=\"aligncenter wp-image-172 size-full\" src=\"https:\/\/www.sterzer.at\/site\/wp-content\/uploads\/2017\/10\/fretska_k.jpg\" alt=\"\" width=\"150\" height=\"178\" \/>Dr. Harry Fretska<br \/>\nGesch\u00e4ftsf\u00fchrer<\/p>\n<\/td>\n<\/tr>\n<\/tbody>\n<\/table>\n<\/div>\n<p><strong>Buchhaltung<\/strong><\/p>\n<div style=\"overflow-x: auto;\">\n<table class=\" aligncenter\" style=\"width: 440px;\">\n<tbody>\n<tr>\n<td style=\"width: 220px;\">\n<p style=\"text-align: center;\"><img loading=\"lazy\" decoding=\"async\" class=\"wp-image-264 size-full aligncenter\" src=\"https:\/\/www.sterzer.at\/site\/wp-content\/uploads\/2018\/06\/Natalia2.jpg\" alt=\"\" width=\"150\" height=\"178\" \/>Mag. Natalia Fretska<\/p>\n<\/td>\n<td style=\"text-align: center; width: 220px;\"><img loading=\"lazy\" decoding=\"async\" class=\"size-full wp-image-341 aligncenter\" src=\"https:\/\/www.sterzer.at\/site\/wp-content\/uploads\/2019\/12\/Pawlik.jpg\" alt=\"\" width=\"150\" height=\"178\" \/><span style=\"font-family: inherit;\">Roman Pawlik<\/span><\/td>\n<\/tr>\n<\/tbody>\n<\/table>\n<\/div>\n<p style=\"text-align: left;\"><strong>Assistenz<\/strong><\/p>\n<div style=\"overflow-x: auto;\">\n<table class=\" aligncenter\" style=\"width: 440px;\">\n<tbody>\n<tr>\n<td style=\"width: 220px;\">\n<p style=\"text-align: center;\"><span style=\"font-family: inherit;\"><img loading=\"lazy\" decoding=\"async\" class=\"alignnone size-full wp-image-379\" src=\"https:\/\/www.sterzer.at\/site\/wp-content\/uploads\/2021\/11\/David.png\" alt=\"\" width=\"150\" height=\"178\" \/><br \/>\nDavid Gov-Ari<\/span><\/p>\n<\/td>\n<td style=\"text-align: center; width: 220px;\"><\/td>\n<\/tr>\n<\/tbody>\n<\/table>\n<\/div>\n<p style=\"text-align: left;\"><strong>Mahnwesen<\/strong><\/p>\n<div style=\"overflow-x: auto;\">\n<table class=\" aligncenter\" style=\"width: 440px;\">\n<tbody>\n<tr>\n<td style=\"width: 220px;\">\n<p style=\"text-align: center;\"><img loading=\"lazy\" decoding=\"async\" class=\"wp-image-173 size-full aligncenter\" src=\"https:\/\/www.sterzer.at\/site\/wp-content\/uploads\/2017\/10\/Unbenannt.jpg\" alt=\"\" width=\"150\" height=\"177\" \/><span style=\"font-family: inherit;\">Zipora Ribinin<\/span><\/p>\n<\/td>\n<td style=\"text-align: center; width: 220px;\"><\/td>\n<\/tr>\n<\/tbody>\n<\/table>\n<\/div>\n<div style=\"overflow-x: auto;\"><\/div>\n<p style=\"text-align: left;\"><strong>Hausbetreuung \/ Innendienst<\/strong><\/p>\n<div style=\"overflow-x: auto;\">\n<table class=\" aligncenter\" style=\"width: 440px;\">\n<tbody>\n<tr>\n<td style=\"width: 220px;\">\n<p style=\"text-align: center;\"><span style=\"font-family: inherit; font-weight: inherit;\"><img loading=\"lazy\" decoding=\"async\" class=\"alignnone wp-image-415\" src=\"https:\/\/www.sterzer.at\/site\/wp-content\/uploads\/2024\/05\/IMG_7415-225x300.jpg\" alt=\"\" width=\"134\" height=\"178\" srcset=\"https:\/\/www.sterzer.at\/site\/wp-content\/uploads\/2024\/05\/IMG_7415-225x300.jpg 225w, https:\/\/www.sterzer.at\/site\/wp-content\/uploads\/2024\/05\/IMG_7415-768x1024.jpg 768w, https:\/\/www.sterzer.at\/site\/wp-content\/uploads\/2024\/05\/IMG_7415-1152x1536.jpg 1152w, https:\/\/www.sterzer.at\/site\/wp-content\/uploads\/2024\/05\/IMG_7415-1536x2048.jpg 1536w, https:\/\/www.sterzer.at\/site\/wp-content\/uploads\/2024\/05\/IMG_7415-scaled.jpg 1920w\" sizes=\"auto, (max-width: 134px) 100vw, 134px\" \/><br \/>\nAgnieszka Pieczonka<\/span><\/p>\n<\/td>\n<td style=\"text-align: center; width: 220px;\"><img loading=\"lazy\" decoding=\"async\" class=\"alignnone wp-image-425\" src=\"https:\/\/www.sterzer.at\/site\/wp-content\/uploads\/2024\/12\/IMG_4170-150x150.jpg\" alt=\"\" width=\"134\" height=\"178\" srcset=\"https:\/\/www.sterzer.at\/site\/wp-content\/uploads\/2024\/12\/IMG_4170-225x300.jpg 225w, https:\/\/www.sterzer.at\/site\/wp-content\/uploads\/2024\/12\/IMG_4170-768x1024.jpg 768w, https:\/\/www.sterzer.at\/site\/wp-content\/uploads\/2024\/12\/IMG_4170-1152x1536.jpg 1152w, https:\/\/www.sterzer.at\/site\/wp-content\/uploads\/2024\/12\/IMG_4170.jpg 1304w\" sizes=\"auto, (max-width: 134px) 100vw, 134px\" \/><br \/>\nClaudia Reichert<\/td>\n<\/tr>\n<tr>\n<td style=\"text-align: center; width: 220px;\"><img loading=\"lazy\" decoding=\"async\" class=\"aligncenter wp-image-366\" src=\"https:\/\/www.sterzer.at\/site\/wp-content\/uploads\/2020\/12\/govari_k.jpg\" alt=\"\" width=\"150\" height=\"178\" \/>Mag. Elena Gov Ari<\/td>\n<td style=\"text-align: center; width: 220px;\"><img loading=\"lazy\" decoding=\"async\" class=\"alignnone wp-image-434\" src=\"https:\/\/www.sterzer.at\/site\/wp-content\/uploads\/2026\/01\/Githa-Waidhofer-300x300.jpeg\" alt=\"\" width=\"160\" height=\"160\" srcset=\"https:\/\/www.sterzer.at\/site\/wp-content\/uploads\/2026\/01\/Githa-Waidhofer-300x300.jpeg 300w, https:\/\/www.sterzer.at\/site\/wp-content\/uploads\/2026\/01\/Githa-Waidhofer-150x150.jpeg 150w, https:\/\/www.sterzer.at\/site\/wp-content\/uploads\/2026\/01\/Githa-Waidhofer-768x768.jpeg 768w, https:\/\/www.sterzer.at\/site\/wp-content\/uploads\/2026\/01\/Githa-Waidhofer-50x50.jpeg 50w, https:\/\/www.sterzer.at\/site\/wp-content\/uploads\/2026\/01\/Githa-Waidhofer-80x80.jpeg 80w, https:\/\/www.sterzer.at\/site\/wp-content\/uploads\/2026\/01\/Githa-Waidhofer.jpeg 1024w\" sizes=\"auto, (max-width: 160px) 100vw, 160px\" \/><br \/>\nGitha Waidhofer<\/td>\n<\/tr>\n<tr>\n<td style=\"text-align: center; width: 220px;\"><\/td>\n<td style=\"text-align: center; width: 220px;\"><\/td>\n<\/tr>\n<\/tbody>\n<\/table>\n<\/div>\n<div style=\"overflow-x: auto;\"><\/div>\n<p><strong>Hausbetreuung \/ Au\u00dfendienst<\/strong><\/p>\n<div style=\"overflow-x: auto;\">\n<table class=\" aligncenter\" style=\"width: 440px;\">\n<tbody>\n<tr>\n<td style=\"width: 220px;\"><span style=\"font-family: inherit;\"><img loading=\"lazy\" decoding=\"async\" class=\"size-medium wp-image-231 aligncenter\" src=\"https:\/\/www.sterzer.at\/site\/wp-content\/uploads\/2018\/06\/Jakov.jpg\" alt=\"\" width=\"150\" height=\"178\" \/><\/span><\/p>\n<p style=\"text-align: center;\">Jakov Ribinin<\/p>\n<\/td>\n<td style=\"text-align: center; width: 220px;\"><span style=\"font-family: inherit;\">\u00a0<\/span><\/td>\n<\/tr>\n<\/tbody>\n<\/table>\n<\/div>\n<div style=\"overflow-x: auto;\">\n<div style=\"overflow-x: auto;\">\n<p><strong>Sch\u00e4dlingsbek\u00e4mpfung<\/strong><\/p>\n<div style=\"overflow-x: auto;\">\n<table class=\" aligncenter\" style=\"width: 440px;\">\n<tbody>\n<tr>\n<td style=\"width: 220px;\"><span style=\"font-family: inherit;\"><img loading=\"lazy\" decoding=\"async\" class=\"size-medium wp-image-231 aligncenter\" src=\"https:\/\/www.sterzer.at\/site\/wp-content\/uploads\/2023\/11\/nike.jpg\" alt=\"\" width=\"150\" height=\"178\" \/><\/span><\/p>\n<p style=\"text-align: center;\">Nike<\/p>\n<\/td>\n<td style=\"text-align: center; width: 220px;\"><span style=\"font-family: inherit;\">\u00a0<\/span><\/td>\n<\/tr>\n<\/tbody>\n<\/table>\n<\/div>\n<div style=\"overflow-x: auto;\">\n<div style=\"overflow-x: auto;\"><\/div>\n<\/div>\n<\/div>\n<\/div>\n","protected":false},"excerpt":{"rendered":"<p>Gesch\u00e4ftsf\u00fchrung Dr. Harry Fretska Gesch\u00e4ftsf\u00fchrer Buchhaltung Mag. Natalia Fretska Roman Pawlik Assistenz David Gov-Ari Mahnwesen Zipora Ribinin Hausbetreuung \/ Innendienst Agnieszka Pieczonka Claudia Reichert Mag. Elena Gov Ari Githa Waidhofer Hausbetreuung \/ Au\u00dfendienst Jakov Ribinin \u00a0 Sch\u00e4dlingsbek\u00e4mpfung Nike \u00a0<\/p>\n","protected":false},"author":1,"featured_media":0,"parent":0,"menu_order":0,"comment_status":"closed","ping_status":"closed","template":"","meta":{"footnotes":""},"class_list":["post-139","page","type-page","status-publish","hentry"],"_links":{"self":[{"href":"https:\/\/www.sterzer.at\/site\/wp-json\/wp\/v2\/pages\/139","targetHints":{"allow":["GET"]}}],"collection":[{"href":"https:\/\/www.sterzer.at\/site\/wp-json\/wp\/v2\/pages"}],"about":[{"href":"https:\/\/www.sterzer.at\/site\/wp-json\/wp\/v2\/types\/page"}],"author":[{"embeddable":true,"href":"https:\/\/www.sterzer.at\/site\/wp-json\/wp\/v2\/users\/1"}],"replies":[{"embeddable":true,"href":"https:\/\/www.sterzer.at\/site\/wp-json\/wp\/v2\/comments?post=139"}],"version-history":[{"count":79,"href":"https:\/\/www.sterzer.at\/site\/wp-json\/wp\/v2\/pages\/139\/revisions"}],"predecessor-version":[{"id":438,"href":"https:\/\/www.sterzer.at\/site\/wp-json\/wp\/v2\/pages\/139\/revisions\/438"}],"wp:attachment":[{"href":"https:\/\/www.sterzer.at\/site\/wp-json\/wp\/v2\/media?parent=139"}],"curies":[{"name":"wp","href":"https:\/\/api.w.org\/{rel}","templated":true}]}}