{"id":2,"date":"2015-11-01T20:41:18","date_gmt":"2015-11-01T19:41:18","guid":{"rendered":""},"modified":"2018-06-03T00:41:14","modified_gmt":"2018-06-02T22:41:14","slug":"beispiel-seite","status":"publish","type":"page","link":"https:\/\/www.sterzer.at\/site\/","title":{"rendered":"Immobilienverwaltung ist Vertrauenssache."},"content":{"rendered":"<p>Unser Unternehmen besteht seit 1959, seit damals w\u00e4chst auch die Anzahl der von uns betreuten Liegenschaften, dank kontinuierlicher Arbeit, pers\u00f6nlichem Engagement und bew\u00e4hrtem Service, st\u00e4ndig.<\/p>\n<p><img loading=\"lazy\" decoding=\"async\" class=\"size-medium wp-image-42 alignright\" src=\"https:\/\/www.sterzer.at\/site\/wp-content\/uploads\/2016\/03\/biberstrasse-22-300x211.jpg\" alt=\"\" width=\"300\" height=\"211\" srcset=\"https:\/\/www.sterzer.at\/site\/wp-content\/uploads\/2016\/03\/biberstrasse-22-300x211.jpg 300w, https:\/\/www.sterzer.at\/site\/wp-content\/uploads\/2016\/03\/biberstrasse-22-768x540.jpg 768w, https:\/\/www.sterzer.at\/site\/wp-content\/uploads\/2016\/03\/biberstrasse-22.jpg 984w\" sizes=\"auto, (max-width: 300px) 100vw, 300px\" \/>Wir sind eine korrekte Hausverwaltung, die in erster Linie hervorragende Arbeit leisten und Sie zufrieden stellen will. Langj\u00e4hrige Kunden best\u00e4tigen unsere Philosophie:<\/p>\n<p><strong>Wir sind um Ihre Immobilie bem\u00fcht und nicht um unseren maximalen Gewinn! <\/strong><\/p>\n<p>Dadurch k\u00f6nnen wir den unterschiedlichen Anforderungen unserer Kunden, dazu geh\u00f6ren Wohnungs- und Privateigent\u00fcmer, Gewerbetreibende, als auch institutionelle Investoren, gerecht werden.<\/p>\n<p><strong>Unser Ziel ist es, Sie als Eigent\u00fcmer weitestgehend zu entlasten, Ihre Interessen zu vertreten und den Wert Ihrer Immobilie langfristig zu erhalten und sogar zu steigern.<\/strong><\/p>\n","protected":false},"excerpt":{"rendered":"<p>Unser Unternehmen besteht seit 1959, seit damals w\u00e4chst auch die Anzahl der von uns betreuten Liegenschaften, dank kontinuierlicher Arbeit, pers\u00f6nlichem Engagement und bew\u00e4hrtem Service, st\u00e4ndig. Wir sind eine korrekte Hausverwaltung, die in erster Linie hervorragende Arbeit leisten und Sie zufrieden stellen will. Langj\u00e4hrige Kunden best\u00e4tigen unsere Philosophie: Wir sind um Ihre Immobilie bem\u00fcht und nicht [&hellip;]<\/p>\n","protected":false},"author":1,"featured_media":0,"parent":0,"menu_order":0,"comment_status":"closed","ping_status":"open","template":"","meta":{"footnotes":""},"class_list":["post-2","page","type-page","status-publish","hentry"],"_links":{"self":[{"href":"https:\/\/www.sterzer.at\/site\/wp-json\/wp\/v2\/pages\/2","targetHints":{"allow":["GET"]}}],"collection":[{"href":"https:\/\/www.sterzer.at\/site\/wp-json\/wp\/v2\/pages"}],"about":[{"href":"https:\/\/www.sterzer.at\/site\/wp-json\/wp\/v2\/types\/page"}],"author":[{"embeddable":true,"href":"https:\/\/www.sterzer.at\/site\/wp-json\/wp\/v2\/users\/1"}],"replies":[{"embeddable":true,"href":"https:\/\/www.sterzer.at\/site\/wp-json\/wp\/v2\/comments?post=2"}],"version-history":[{"count":22,"href":"https:\/\/www.sterzer.at\/site\/wp-json\/wp\/v2\/pages\/2\/revisions"}],"predecessor-version":[{"id":263,"href":"https:\/\/www.sterzer.at\/site\/wp-json\/wp\/v2\/pages\/2\/revisions\/263"}],"wp:attachment":[{"href":"https:\/\/www.sterzer.at\/site\/wp-json\/wp\/v2\/media?parent=2"}],"curies":[{"name":"wp","href":"https:\/\/api.w.org\/{rel}","templated":true}]}}