{"id":233,"date":"2018-06-01T18:49:03","date_gmt":"2018-06-01T16:49:03","guid":{"rendered":"http:\/\/www.sterzer.at\/site\/?page_id=233"},"modified":"2018-06-01T18:49:03","modified_gmt":"2018-06-01T16:49:03","slug":"notfallnummern-bei-gebrechen","status":"publish","type":"page","link":"https:\/\/www.sterzer.at\/site\/notfallnummern-bei-gebrechen\/","title":{"rendered":"Notfallnummern bei Gebrechen"},"content":{"rendered":"<p><strong>\u00d6sterreichweit:<\/strong><br \/>\nFeuerwehr <a href=\"tel:122\">122 <\/a><br \/>\nPolizei <a href=\"tel:133\">133 <\/a><br \/>\nRettung <a href=\"tel:144\">144 <\/a><br \/>\nEuro-Notruf <a href=\"tel:112\">112 <\/a><br \/>\nGasnetz-Notruf <a href=\"tel:128\">128 <\/a><\/p>\n<p><strong>Wien:<\/strong><br \/>\n<em>St\u00f6rung Strom, Gas, Wasser, Kanalverstopfung:<\/em><br \/>\nInfoline Stra\u00dfe und Verkehr <a href=\"tel:01%20955%2059\">01 955 59<\/a> (7 bis 18 Uhr)<br \/>\nHauskanalverstopfung <a href=\"tel:01%204000-9300\">01 4000-9300<\/a> (0 bis 24 Uhr)<br \/>\nBereitschaftsdienst der Wiener Wasserwerke <a href=\"tel:01%20599%2059-0\">01 599 59-0<\/a> (0 bis 24 Uhr)<br \/>\nFernw\u00e4rme-St\u00f6rungen (Wien Energie) <a href=\"tel:0800%20500%20751\">0800 500 751<\/a> (0 bis 24 Uhr)<br \/>\nGasnetz: St\u00f6rungs- und Gebrechenbehebungsdienst <a href=\"tel:01%20401%2028-88\">01 401 28-88<\/a>, Notruf <a href=\"tel:128\">128<\/a> (0 bis 24 Uhr)<br \/>\nStromnetz: St\u00f6rungsdienst der Wiener Netze <a href=\"tel:0800%20500%20600\">0800 500 600<\/a> (0 bis 24 Uhr)<br \/>\nLichttelefon: <a href=\"tel:0800%2033%2080%2033\">0800 33 80 33<\/a> (0 bis 24 Uhr)<\/p>\n","protected":false},"excerpt":{"rendered":"<p>\u00d6sterreichweit: Feuerwehr 122 Polizei 133 Rettung 144 Euro-Notruf 112 Gasnetz-Notruf 128 Wien: St\u00f6rung Strom, Gas, Wasser, Kanalverstopfung: Infoline Stra\u00dfe und Verkehr 01 955 59 (7 bis 18 Uhr) Hauskanalverstopfung 01 4000-9300 (0 bis 24 Uhr) Bereitschaftsdienst der Wiener Wasserwerke 01 599 59-0 (0 bis 24 Uhr) Fernw\u00e4rme-St\u00f6rungen (Wien Energie) 0800 500 751 (0 bis 24 [&hellip;]<\/p>\n","protected":false},"author":1,"featured_media":0,"parent":0,"menu_order":0,"comment_status":"closed","ping_status":"closed","template":"","meta":{"footnotes":""},"class_list":["post-233","page","type-page","status-publish","hentry"],"_links":{"self":[{"href":"https:\/\/www.sterzer.at\/site\/wp-json\/wp\/v2\/pages\/233","targetHints":{"allow":["GET"]}}],"collection":[{"href":"https:\/\/www.sterzer.at\/site\/wp-json\/wp\/v2\/pages"}],"about":[{"href":"https:\/\/www.sterzer.at\/site\/wp-json\/wp\/v2\/types\/page"}],"author":[{"embeddable":true,"href":"https:\/\/www.sterzer.at\/site\/wp-json\/wp\/v2\/users\/1"}],"replies":[{"embeddable":true,"href":"https:\/\/www.sterzer.at\/site\/wp-json\/wp\/v2\/comments?post=233"}],"version-history":[{"count":1,"href":"https:\/\/www.sterzer.at\/site\/wp-json\/wp\/v2\/pages\/233\/revisions"}],"predecessor-version":[{"id":234,"href":"https:\/\/www.sterzer.at\/site\/wp-json\/wp\/v2\/pages\/233\/revisions\/234"}],"wp:attachment":[{"href":"https:\/\/www.sterzer.at\/site\/wp-json\/wp\/v2\/media?parent=233"}],"curies":[{"name":"wp","href":"https:\/\/api.w.org\/{rel}","templated":true}]}}