{"id":314,"date":"2019-08-06T13:23:31","date_gmt":"2019-08-06T11:23:31","guid":{"rendered":"http:\/\/www.sterzer.at\/site\/?page_id=314"},"modified":"2019-08-07T15:01:56","modified_gmt":"2019-08-07T13:01:56","slug":"wasserschaden-am-wochenende","status":"publish","type":"page","link":"https:\/\/www.sterzer.at\/site\/wasserschaden-am-wochenende\/","title":{"rendered":"Wasserschaden am Wochenende"},"content":{"rendered":"<p>Was kann ich im Falle eines Wasserschadens am Wochenende tun?<\/p>\n<ul style=\"list-style-type: disc;\">\n<li>Versuchen Sie, die Schadensursache zu finden.<\/li>\n<li>Drehen Sie die Zuleitung ab.<img loading=\"lazy\" decoding=\"async\" class=\" wp-image-321 alignright\" src=\"https:\/\/www.sterzer.at\/site\/wp-content\/uploads\/2019\/08\/Unbenannt-300x300.jpg\" alt=\"\" width=\"108\" height=\"114\" \/>\n<ul style=\"list-style-type: disc;\">\n<li>Oft kann man unter dem Waschbecken den Zulauf f\u00fcr die Armaturen finden.<\/li>\n<li>Bei Waschmaschinen-Anschl\u00fcssen gibt es meist Armaturen, an denen man den Wasserzulauf abdrehen kann.<\/li>\n<li>F\u00fcr jede Wohnung gibt es einen Haupthahn. Drehen Sie diesen ab, wenn Sie in der Wohnung keine M\u00f6glichkeit finden, um den Wasseraustritt zu stoppen.<\/li>\n<li>Wenn Wasser aus Heizk\u00f6rpern oder Heizrohren l\u00e4uft, drehen Sie die Heizung und den Heizk\u00f6rper ab.<\/li>\n<\/ul>\n<\/li>\n<li>Wenn Sie den Wasseraustritt nicht stoppen k\u00f6nnen oder die Ursache nicht in Ihrer Wohnung liegt, rufen Sie den Notruf 122, um weitere Sch\u00e4den am Haus zu verhindern.<\/li>\n<li>Versuchen Sie, mit T\u00fcchern das Wasser am Ausbreiten zu hindern und stellen Sie, wenn m\u00f6glich, Gef\u00e4\u00dfe unter.<\/li>\n<li>Melden Sie den Vorfall per Mail unter <a href=\"mailto:iv@sterzer.at\">iv@sterzer.at<\/a> der Hausverwaltung oder nutzen Sie unser <a href=\"https:\/\/www.sterzer.at\/site\/kontaktformular\/\">Kontaktformular<\/a>, sodass diese die weiteren Ma\u00dfnahmen setzen kann. Geben Sie dabei bitte die Adresse, Ihre aktuelle Telefonnummer bekannt, damit eine rasche Kontaktaufnahme m\u00f6glich ist. Ihr Mail wir am n\u00e4chsten Werktag bearbeitet werden.<\/li>\n<\/ul>\n","protected":false},"excerpt":{"rendered":"<p>Was kann ich im Falle eines Wasserschadens am Wochenende tun? Versuchen Sie, die Schadensursache zu finden. Drehen Sie die Zuleitung ab. Oft kann man unter dem Waschbecken den Zulauf f\u00fcr die Armaturen finden. Bei Waschmaschinen-Anschl\u00fcssen gibt es meist Armaturen, an denen man den Wasserzulauf abdrehen kann. F\u00fcr jede Wohnung gibt es einen Haupthahn. Drehen Sie [&hellip;]<\/p>\n","protected":false},"author":1,"featured_media":0,"parent":0,"menu_order":0,"comment_status":"closed","ping_status":"closed","template":"","meta":{"footnotes":""},"class_list":["post-314","page","type-page","status-publish","hentry"],"_links":{"self":[{"href":"https:\/\/www.sterzer.at\/site\/wp-json\/wp\/v2\/pages\/314","targetHints":{"allow":["GET"]}}],"collection":[{"href":"https:\/\/www.sterzer.at\/site\/wp-json\/wp\/v2\/pages"}],"about":[{"href":"https:\/\/www.sterzer.at\/site\/wp-json\/wp\/v2\/types\/page"}],"author":[{"embeddable":true,"href":"https:\/\/www.sterzer.at\/site\/wp-json\/wp\/v2\/users\/1"}],"replies":[{"embeddable":true,"href":"https:\/\/www.sterzer.at\/site\/wp-json\/wp\/v2\/comments?post=314"}],"version-history":[{"count":10,"href":"https:\/\/www.sterzer.at\/site\/wp-json\/wp\/v2\/pages\/314\/revisions"}],"predecessor-version":[{"id":328,"href":"https:\/\/www.sterzer.at\/site\/wp-json\/wp\/v2\/pages\/314\/revisions\/328"}],"wp:attachment":[{"href":"https:\/\/www.sterzer.at\/site\/wp-json\/wp\/v2\/media?parent=314"}],"curies":[{"name":"wp","href":"https:\/\/api.w.org\/{rel}","templated":true}]}}